{"id":27870,"date":"2026-04-16T17:07:35","date_gmt":"2026-04-16T17:07:35","guid":{"rendered":"https:\/\/alibabaiquitos.com\/?post_type=product&#038;p=27870"},"modified":"2026-04-17T17:10:43","modified_gmt":"2026-04-17T17:10:43","slug":"biberon-botiely","status":"publish","type":"product","link":"https:\/\/alibabaiquitos.com\/index.php\/producto\/biberon-botiely\/","title":{"rendered":"Biberon botiely"},"content":{"rendered":"","protected":false},"excerpt":{"rendered":"<p>Este pr\u00e1ctico biber\u00f3n es ideal para que tu beb\u00e9 aprenda a tomar solito gracias a sus dos asas laterales que facilitan el agarre. Viene en un vibrante color azul con un divertido dise\u00f1o de castillo y drag\u00f3n que le encantar\u00e1. Incluye una tapa protectora para mantener la tetina siempre limpia y es muy f\u00e1cil de lavar. \u00a1Seguro, ligero y perfecto para el uso diario!<\/p>\n","protected":false},"featured_media":27871,"comment_status":"open","ping_status":"closed","template":"","meta":{"content-type":""},"product_brand":[],"product_cat":[158],"product_tag":[],"class_list":{"0":"post-27870","1":"product","2":"type-product","3":"status-publish","4":"has-post-thumbnail","6":"product_cat-baby-kids","8":"first","9":"instock","10":"shipping-taxable","11":"purchasable","12":"product-type-simple"},"yoast_head":"<!-- This site is optimized with the Yoast SEO plugin v27.4 - https:\/\/yoast.com\/product\/yoast-seo-wordpress\/ -->\n<title>Biberon botiely - My Blog<\/title>\n<meta name=\"description\" content=\"Este pr\u00e1ctico biber\u00f3n es ideal para que tu beb\u00e9 aprenda a tomar solito gracias a sus dos asas laterales que facilitan el agarre. Viene en un vibrante color azul con un divertido dise\u00f1o de castillo y drag\u00f3n que le encantar\u00e1. Incluye una tapa protectora para mantener la tetina siempre limpia y es muy f\u00e1cil de lavar. \u00a1Seguro, ligero y perfecto para el uso diario!\" \/>\n<meta name=\"robots\" content=\"index, follow, max-snippet:-1, max-image-preview:large, max-video-preview:-1\" \/>\n<link rel=\"canonical\" href=\"https:\/\/alibabaiquitos.com\/index.php\/producto\/biberon-botiely\/\" \/>\n<meta property=\"og:locale\" content=\"es_ES\" \/>\n<meta property=\"og:type\" content=\"article\" \/>\n<meta property=\"og:title\" content=\"Biberon botiely - My Blog\" \/>\n<meta property=\"og:description\" content=\"Este pr\u00e1ctico biber\u00f3n es ideal para que tu beb\u00e9 aprenda a tomar solito gracias a sus dos asas laterales que facilitan el agarre. Viene en un vibrante color azul con un divertido dise\u00f1o de castillo y drag\u00f3n que le encantar\u00e1. Incluye una tapa protectora para mantener la tetina siempre limpia y es muy f\u00e1cil de lavar. \u00a1Seguro, ligero y perfecto para el uso diario!\" \/>\n<meta property=\"og:url\" content=\"https:\/\/alibabaiquitos.com\/index.php\/producto\/biberon-botiely\/\" \/>\n<meta property=\"og:site_name\" content=\"My Blog\" \/>\n<meta property=\"article:modified_time\" content=\"2026-04-17T17:10:43+00:00\" \/>\n<meta property=\"og:image\" content=\"https:\/\/alibabaiquitos.com\/wp-content\/uploads\/2026\/04\/biberon-cala.png\" \/>\n\t<meta property=\"og:image:width\" content=\"960\" \/>\n\t<meta property=\"og:image:height\" content=\"1280\" \/>\n\t<meta property=\"og:image:type\" content=\"image\/png\" \/>\n<meta name=\"twitter:card\" content=\"summary_large_image\" \/>\n<meta name=\"twitter:label1\" content=\"Tiempo de lectura\" \/>\n\t<meta name=\"twitter:data1\" content=\"1 minuto\" \/>\n<script type=\"application\/ld+json\" class=\"yoast-schema-graph\">{\"@context\":\"https:\\\/\\\/schema.org\",\"@graph\":[{\"@type\":\"WebPage\",\"@id\":\"https:\\\/\\\/alibabaiquitos.com\\\/index.php\\\/producto\\\/biberon-botiely\\\/\",\"url\":\"https:\\\/\\\/alibabaiquitos.com\\\/index.php\\\/producto\\\/biberon-botiely\\\/\",\"name\":\"Biberon botiely - My Blog\",\"isPartOf\":{\"@id\":\"https:\\\/\\\/alibabaiquitos.com\\\/#website\"},\"primaryImageOfPage\":{\"@id\":\"https:\\\/\\\/alibabaiquitos.com\\\/index.php\\\/producto\\\/biberon-botiely\\\/#primaryimage\"},\"image\":{\"@id\":\"https:\\\/\\\/alibabaiquitos.com\\\/index.php\\\/producto\\\/biberon-botiely\\\/#primaryimage\"},\"thumbnailUrl\":\"https:\\\/\\\/alibabaiquitos.com\\\/wp-content\\\/uploads\\\/2026\\\/04\\\/biberon-cala.png\",\"datePublished\":\"2026-04-16T17:07:35+00:00\",\"dateModified\":\"2026-04-17T17:10:43+00:00\",\"description\":\"Este pr\u00e1ctico biber\u00f3n es ideal para que tu beb\u00e9 aprenda a tomar solito gracias a sus dos asas laterales que facilitan el agarre. Viene en un vibrante color azul con un divertido dise\u00f1o de castillo y drag\u00f3n que le encantar\u00e1. Incluye una tapa protectora para mantener la tetina siempre limpia y es muy f\u00e1cil de lavar. \u00a1Seguro, ligero y perfecto para el uso diario!\",\"breadcrumb\":{\"@id\":\"https:\\\/\\\/alibabaiquitos.com\\\/index.php\\\/producto\\\/biberon-botiely\\\/#breadcrumb\"},\"inLanguage\":\"es\",\"potentialAction\":[{\"@type\":\"ReadAction\",\"target\":[\"https:\\\/\\\/alibabaiquitos.com\\\/index.php\\\/producto\\\/biberon-botiely\\\/\"]}]},{\"@type\":\"ImageObject\",\"inLanguage\":\"es\",\"@id\":\"https:\\\/\\\/alibabaiquitos.com\\\/index.php\\\/producto\\\/biberon-botiely\\\/#primaryimage\",\"url\":\"https:\\\/\\\/alibabaiquitos.com\\\/wp-content\\\/uploads\\\/2026\\\/04\\\/biberon-cala.png\",\"contentUrl\":\"https:\\\/\\\/alibabaiquitos.com\\\/wp-content\\\/uploads\\\/2026\\\/04\\\/biberon-cala.png\",\"width\":960,\"height\":1280},{\"@type\":\"BreadcrumbList\",\"@id\":\"https:\\\/\\\/alibabaiquitos.com\\\/index.php\\\/producto\\\/biberon-botiely\\\/#breadcrumb\",\"itemListElement\":[{\"@type\":\"ListItem\",\"position\":1,\"name\":\"Portada\",\"item\":\"https:\\\/\\\/alibabaiquitos.com\\\/\"},{\"@type\":\"ListItem\",\"position\":2,\"name\":\"Shop\",\"item\":\"https:\\\/\\\/alibabaiquitos.com\\\/index.php\\\/shop\\\/\"},{\"@type\":\"ListItem\",\"position\":3,\"name\":\"Biberon botiely\"}]},{\"@type\":\"WebSite\",\"@id\":\"https:\\\/\\\/alibabaiquitos.com\\\/#website\",\"url\":\"https:\\\/\\\/alibabaiquitos.com\\\/\",\"name\":\"My Blog\",\"description\":\"\",\"potentialAction\":[{\"@type\":\"SearchAction\",\"target\":{\"@type\":\"EntryPoint\",\"urlTemplate\":\"https:\\\/\\\/alibabaiquitos.com\\\/?s={search_term_string}\"},\"query-input\":{\"@type\":\"PropertyValueSpecification\",\"valueRequired\":true,\"valueName\":\"search_term_string\"}}],\"inLanguage\":\"es\"}]}<\/script>\n<!-- \/ Yoast SEO plugin. -->","yoast_head_json":{"title":"Biberon botiely - My Blog","description":"Este pr\u00e1ctico biber\u00f3n es ideal para que tu beb\u00e9 aprenda a tomar solito gracias a sus dos asas laterales que facilitan el agarre. Viene en un vibrante color azul con un divertido dise\u00f1o de castillo y drag\u00f3n que le encantar\u00e1. Incluye una tapa protectora para mantener la tetina siempre limpia y es muy f\u00e1cil de lavar. \u00a1Seguro, ligero y perfecto para el uso diario!","robots":{"index":"index","follow":"follow","max-snippet":"max-snippet:-1","max-image-preview":"max-image-preview:large","max-video-preview":"max-video-preview:-1"},"canonical":"https:\/\/alibabaiquitos.com\/index.php\/producto\/biberon-botiely\/","og_locale":"es_ES","og_type":"article","og_title":"Biberon botiely - My Blog","og_description":"Este pr\u00e1ctico biber\u00f3n es ideal para que tu beb\u00e9 aprenda a tomar solito gracias a sus dos asas laterales que facilitan el agarre. Viene en un vibrante color azul con un divertido dise\u00f1o de castillo y drag\u00f3n que le encantar\u00e1. Incluye una tapa protectora para mantener la tetina siempre limpia y es muy f\u00e1cil de lavar. \u00a1Seguro, ligero y perfecto para el uso diario!","og_url":"https:\/\/alibabaiquitos.com\/index.php\/producto\/biberon-botiely\/","og_site_name":"My Blog","article_modified_time":"2026-04-17T17:10:43+00:00","og_image":[{"width":960,"height":1280,"url":"https:\/\/alibabaiquitos.com\/wp-content\/uploads\/2026\/04\/biberon-cala.png","type":"image\/png"}],"twitter_card":"summary_large_image","twitter_misc":{"Tiempo de lectura":"1 minuto"},"schema":{"@context":"https:\/\/schema.org","@graph":[{"@type":"WebPage","@id":"https:\/\/alibabaiquitos.com\/index.php\/producto\/biberon-botiely\/","url":"https:\/\/alibabaiquitos.com\/index.php\/producto\/biberon-botiely\/","name":"Biberon botiely - My Blog","isPartOf":{"@id":"https:\/\/alibabaiquitos.com\/#website"},"primaryImageOfPage":{"@id":"https:\/\/alibabaiquitos.com\/index.php\/producto\/biberon-botiely\/#primaryimage"},"image":{"@id":"https:\/\/alibabaiquitos.com\/index.php\/producto\/biberon-botiely\/#primaryimage"},"thumbnailUrl":"https:\/\/alibabaiquitos.com\/wp-content\/uploads\/2026\/04\/biberon-cala.png","datePublished":"2026-04-16T17:07:35+00:00","dateModified":"2026-04-17T17:10:43+00:00","description":"Este pr\u00e1ctico biber\u00f3n es ideal para que tu beb\u00e9 aprenda a tomar solito gracias a sus dos asas laterales que facilitan el agarre. Viene en un vibrante color azul con un divertido dise\u00f1o de castillo y drag\u00f3n que le encantar\u00e1. Incluye una tapa protectora para mantener la tetina siempre limpia y es muy f\u00e1cil de lavar. \u00a1Seguro, ligero y perfecto para el uso diario!","breadcrumb":{"@id":"https:\/\/alibabaiquitos.com\/index.php\/producto\/biberon-botiely\/#breadcrumb"},"inLanguage":"es","potentialAction":[{"@type":"ReadAction","target":["https:\/\/alibabaiquitos.com\/index.php\/producto\/biberon-botiely\/"]}]},{"@type":"ImageObject","inLanguage":"es","@id":"https:\/\/alibabaiquitos.com\/index.php\/producto\/biberon-botiely\/#primaryimage","url":"https:\/\/alibabaiquitos.com\/wp-content\/uploads\/2026\/04\/biberon-cala.png","contentUrl":"https:\/\/alibabaiquitos.com\/wp-content\/uploads\/2026\/04\/biberon-cala.png","width":960,"height":1280},{"@type":"BreadcrumbList","@id":"https:\/\/alibabaiquitos.com\/index.php\/producto\/biberon-botiely\/#breadcrumb","itemListElement":[{"@type":"ListItem","position":1,"name":"Portada","item":"https:\/\/alibabaiquitos.com\/"},{"@type":"ListItem","position":2,"name":"Shop","item":"https:\/\/alibabaiquitos.com\/index.php\/shop\/"},{"@type":"ListItem","position":3,"name":"Biberon botiely"}]},{"@type":"WebSite","@id":"https:\/\/alibabaiquitos.com\/#website","url":"https:\/\/alibabaiquitos.com\/","name":"My Blog","description":"","potentialAction":[{"@type":"SearchAction","target":{"@type":"EntryPoint","urlTemplate":"https:\/\/alibabaiquitos.com\/?s={search_term_string}"},"query-input":{"@type":"PropertyValueSpecification","valueRequired":true,"valueName":"search_term_string"}}],"inLanguage":"es"}]}},"_links":{"self":[{"href":"https:\/\/alibabaiquitos.com\/index.php\/wp-json\/wp\/v2\/product\/27870","targetHints":{"allow":["GET"]}}],"collection":[{"href":"https:\/\/alibabaiquitos.com\/index.php\/wp-json\/wp\/v2\/product"}],"about":[{"href":"https:\/\/alibabaiquitos.com\/index.php\/wp-json\/wp\/v2\/types\/product"}],"replies":[{"embeddable":true,"href":"https:\/\/alibabaiquitos.com\/index.php\/wp-json\/wp\/v2\/comments?post=27870"}],"version-history":[{"count":3,"href":"https:\/\/alibabaiquitos.com\/index.php\/wp-json\/wp\/v2\/product\/27870\/revisions"}],"predecessor-version":[{"id":27884,"href":"https:\/\/alibabaiquitos.com\/index.php\/wp-json\/wp\/v2\/product\/27870\/revisions\/27884"}],"wp:featuredmedia":[{"embeddable":true,"href":"https:\/\/alibabaiquitos.com\/index.php\/wp-json\/wp\/v2\/media\/27871"}],"wp:attachment":[{"href":"https:\/\/alibabaiquitos.com\/index.php\/wp-json\/wp\/v2\/media?parent=27870"}],"wp:term":[{"taxonomy":"product_brand","embeddable":true,"href":"https:\/\/alibabaiquitos.com\/index.php\/wp-json\/wp\/v2\/product_brand?post=27870"},{"taxonomy":"product_cat","embeddable":true,"href":"https:\/\/alibabaiquitos.com\/index.php\/wp-json\/wp\/v2\/product_cat?post=27870"},{"taxonomy":"product_tag","embeddable":true,"href":"https:\/\/alibabaiquitos.com\/index.php\/wp-json\/wp\/v2\/product_tag?post=27870"}],"curies":[{"name":"wp","href":"https:\/\/api.w.org\/{rel}","templated":true}]}}