{"id":259,"date":"2025-01-14T14:40:29","date_gmt":"2025-01-14T14:40:29","guid":{"rendered":"https:\/\/dummy.xtemos.com\/woodmart2\/marketplace2-elementor\/?post_type=product&#038;p=259"},"modified":"2026-04-17T16:29:07","modified_gmt":"2026-04-17T16:29:07","slug":"bacin-conejo","status":"publish","type":"product","link":"https:\/\/alibabaiquitos.com\/index.php\/producto\/bacin-conejo\/","title":{"rendered":"Bacin Conejo"},"content":{"rendered":"\t\t<div data-elementor-type=\"wp-post\" data-elementor-id=\"259\" class=\"elementor elementor-259\">\n\t\t\t\t<div class=\"wd-negative-gap elementor-element elementor-element-36986a5 e-flex e-con-boxed e-con e-parent\" data-id=\"36986a5\" data-element_type=\"container\" data-e-type=\"container\">\n\t\t\t\t\t<div class=\"e-con-inner\">\n\t\t<div class=\"elementor-element elementor-element-b1f195e e-con-full e-flex e-con e-child\" data-id=\"b1f195e\" data-element_type=\"container\" data-e-type=\"container\">\n\t\t\t\t<div class=\"elementor-element elementor-element-66d943c wd-width-100 elementor-widget elementor-widget-wd_title\" data-id=\"66d943c\" data-element_type=\"widget\" data-e-type=\"widget\" data-widget_type=\"wd_title.default\">\n\t\t\t\t<div class=\"elementor-widget-container\">\n\t\t\t\t\t\t\t<div class=\"title-wrapper wd-set-mb reset-last-child wd-title-color-default wd-title-style-default wd-title-size-default text-left\">\n\n\t\t\t\n\t\t\t<div class=\"liner-continer\">\n\t\t\t\t<h4 class=\"woodmart-title-container title wd-fontsize-l\">Wooden Play Kitchen Set<\/h4> \n\t\t\t\t\t\t\t<\/div>\n\n\t\t\t\t\t\t\t<div class=\"title-after_title reset-last-child wd-fontsize-xs\">\n\t\t\t\t\t<p>Keep warm and cosy in our Snowy Embroidered Jumper. Featuring an all over winter inspired embroidery with ribbed trims to keep out chills. Made from our organic cotton wool blend, pair this jumper with track pants or leggings for a sweet outfit. Anyway, you still use Lorem Ipsum and rightly so, as it will always have a place in the web workers toolbox.<\/p>\t\t\t\t<\/div>\n\t\t\t\t\t<\/div>\n\t\t\t\t\t\t<\/div>\n\t\t\t\t<\/div>\n\t\t\t\t<div class=\"elementor-element elementor-element-c5090c2 wd-width-100 elementor-widget elementor-widget-wd_images_gallery\" data-id=\"c5090c2\" data-element_type=\"widget\" data-e-type=\"widget\" data-widget_type=\"wd_images_gallery.default\">\n\t\t\t\t<div class=\"elementor-widget-container\">\n\t\t\t\t\t\t\t<div class=\"wd-images-gallery photoswipe-images\" style=\"--wd-align-items:center; --wd-justify-content:center;\">\n\t\t\t\t\t\t<div class=\"wd-grid-g\" style=\"--wd-col-lg:2;--wd-col-md:2;--wd-col-sm:1;--wd-gap-lg:20px;--wd-gap-sm:20px;\" >\n\t\t\t\t\t\t\t\t\t\t\t\t\t\t\t\t\t\t<div class=\"wd-gallery-item wd-col\">\n\t\t\t\t\t\t\t\t\t\t\t\t\t<a  href=\"https:\/\/alibabaiquitos.com\/wp-content\/uploads\/2025\/01\/pic-1.jpg\" data-width=\"460\" data-height=\"350\" data-index=\"1\" data-elementor-open-lightbox=\"no\">\n\t\t\t\t\t\t\n\t\t\t\t\t\t<img fetchpriority=\"high\" decoding=\"async\" width=\"460\" height=\"350\" src=\"https:\/\/alibabaiquitos.com\/wp-content\/uploads\/2025\/01\/pic-1.jpg\" class=\"attachment-full size-full\" alt=\"pic-1\" srcset=\"https:\/\/alibabaiquitos.com\/wp-content\/uploads\/2025\/01\/pic-1.jpg 460w, https:\/\/alibabaiquitos.com\/wp-content\/uploads\/2025\/01\/pic-1-150x114.jpg 150w\" sizes=\"(max-width: 460px) 100vw, 460px\" \/>\n\t\t\t\t\t\t\t\t\t\t\t\t\t<\/a>\n\t\t\t\t\t\t\t\t\t\t\t<\/div>\n\t\t\t\t\t\t\t\t\t\t\t\t\t\t\t<div class=\"wd-gallery-item wd-col\">\n\t\t\t\t\t\t\t\t\t\t\t\t\t<a  href=\"https:\/\/alibabaiquitos.com\/wp-content\/uploads\/2025\/01\/pic-2-1.jpg\" data-width=\"460\" data-height=\"350\" data-index=\"2\" data-elementor-open-lightbox=\"no\">\n\t\t\t\t\t\t\n\t\t\t\t\t\t<img decoding=\"async\" width=\"460\" height=\"350\" src=\"https:\/\/alibabaiquitos.com\/wp-content\/uploads\/2025\/01\/pic-2-1.jpg\" class=\"attachment-full size-full\" alt=\"pic-2\" srcset=\"https:\/\/alibabaiquitos.com\/wp-content\/uploads\/2025\/01\/pic-2-1.jpg 460w, https:\/\/alibabaiquitos.com\/wp-content\/uploads\/2025\/01\/pic-2-1-150x114.jpg 150w\" sizes=\"(max-width: 460px) 100vw, 460px\" \/>\n\t\t\t\t\t\t\t\t\t\t\t\t\t<\/a>\n\t\t\t\t\t\t\t\t\t\t\t<\/div>\n\t\t\t\t\t\t\t\t\t\t\t\t\t<\/div>\n\t\t\t\t\t<\/div>\n\t\t\t\t\t\t<\/div>\n\t\t\t\t<\/div>\n\t\t\t\t<\/div>\n\t\t<div class=\"elementor-element elementor-element-6e66e9d e-con-full e-flex e-con e-child\" data-id=\"6e66e9d\" data-element_type=\"container\" data-e-type=\"container\">\n\t\t\t\t<div class=\"elementor-element elementor-element-f916394 wd-width-100 elementor-widget elementor-widget-wd_title\" data-id=\"f916394\" data-element_type=\"widget\" data-e-type=\"widget\" data-widget_type=\"wd_title.default\">\n\t\t\t\t<div class=\"elementor-widget-container\">\n\t\t\t\t\t\t\t<div class=\"title-wrapper wd-set-mb reset-last-child wd-title-color-default wd-title-style-default wd-title-size-default text-left\">\n\n\t\t\t\n\t\t\t<div class=\"liner-continer\">\n\t\t\t\t<h4 class=\"woodmart-title-container title wd-fontsize-l\">Auxiliary accessories<\/h4> \n\t\t\t\t\t\t\t<\/div>\n\n\t\t\t\t\t\t\t<div class=\"title-after_title reset-last-child wd-fontsize-xs\">\n\t\t\t\t\t<p>Websites in professional use templating systems. Commercial publishing platforms and content management systems ensure that you can show different text, different data using the same template.<\/p>\t\t\t\t<\/div>\n\t\t\t\t\t<\/div>\n\t\t\t\t\t\t<\/div>\n\t\t\t\t<\/div>\n\t\t\t\t<div class=\"elementor-element elementor-element-464f99a wd-width-100 elementor-widget elementor-widget-wd_images_gallery\" data-id=\"464f99a\" data-element_type=\"widget\" data-e-type=\"widget\" data-widget_type=\"wd_images_gallery.default\">\n\t\t\t\t<div class=\"elementor-widget-container\">\n\t\t\t\t\t\t\t<div class=\"wd-images-gallery photoswipe-images\" style=\"--wd-align-items:center; --wd-justify-content:center;\">\n\t\t\t\t\t\t<div class=\"wd-grid-g\" style=\"--wd-col-lg:4;--wd-col-md:4;--wd-col-sm:2;--wd-gap-lg:20px;--wd-gap-sm:20px;\" >\n\t\t\t\t\t\t\t\t\t\t\t\t\t\t\t\t\t\t<div class=\"wd-gallery-item wd-col\">\n\t\t\t\t\t\t\t\t\t\t\t\t\t<a  href=\"https:\/\/alibabaiquitos.com\/wp-content\/uploads\/2025\/01\/accessories-1.jpg\" data-width=\"220\" data-height=\"220\" data-index=\"1\" data-elementor-open-lightbox=\"no\">\n\t\t\t\t\t\t\n\t\t\t\t\t\t<img decoding=\"async\" width=\"220\" height=\"220\" src=\"https:\/\/alibabaiquitos.com\/wp-content\/uploads\/2025\/01\/accessories-1.jpg\" class=\"attachment-full size-full\" alt=\"accessories-1\" srcset=\"https:\/\/alibabaiquitos.com\/wp-content\/uploads\/2025\/01\/accessories-1.jpg 220w, https:\/\/alibabaiquitos.com\/wp-content\/uploads\/2025\/01\/accessories-1-150x150.jpg 150w\" sizes=\"(max-width: 220px) 100vw, 220px\" \/>\n\t\t\t\t\t\t\t\t\t\t\t\t\t<\/a>\n\t\t\t\t\t\t\t\t\t\t\t<\/div>\n\t\t\t\t\t\t\t\t\t\t\t\t\t\t\t<div class=\"wd-gallery-item wd-col\">\n\t\t\t\t\t\t\t\t\t\t\t\t\t<a  href=\"https:\/\/alibabaiquitos.com\/wp-content\/uploads\/2025\/01\/accessories-2.jpg\" data-width=\"220\" data-height=\"220\" data-index=\"2\" data-elementor-open-lightbox=\"no\">\n\t\t\t\t\t\t\n\t\t\t\t\t\t<img loading=\"lazy\" decoding=\"async\" width=\"220\" height=\"220\" src=\"https:\/\/alibabaiquitos.com\/wp-content\/uploads\/2025\/01\/accessories-2.jpg\" class=\"attachment-full size-full\" alt=\"accessories-2\" srcset=\"https:\/\/alibabaiquitos.com\/wp-content\/uploads\/2025\/01\/accessories-2.jpg 220w, https:\/\/alibabaiquitos.com\/wp-content\/uploads\/2025\/01\/accessories-2-150x150.jpg 150w\" sizes=\"(max-width: 220px) 100vw, 220px\" \/>\n\t\t\t\t\t\t\t\t\t\t\t\t\t<\/a>\n\t\t\t\t\t\t\t\t\t\t\t<\/div>\n\t\t\t\t\t\t\t\t\t\t\t\t\t\t\t<div class=\"wd-gallery-item wd-col\">\n\t\t\t\t\t\t\t\t\t\t\t\t\t<a  href=\"https:\/\/alibabaiquitos.com\/wp-content\/uploads\/2025\/01\/accessories-3.jpg\" data-width=\"220\" data-height=\"220\" data-index=\"3\" data-elementor-open-lightbox=\"no\">\n\t\t\t\t\t\t\n\t\t\t\t\t\t<img loading=\"lazy\" decoding=\"async\" width=\"220\" height=\"220\" src=\"https:\/\/alibabaiquitos.com\/wp-content\/uploads\/2025\/01\/accessories-3.jpg\" class=\"attachment-full size-full\" alt=\"accessories-3\" srcset=\"https:\/\/alibabaiquitos.com\/wp-content\/uploads\/2025\/01\/accessories-3.jpg 220w, https:\/\/alibabaiquitos.com\/wp-content\/uploads\/2025\/01\/accessories-3-150x150.jpg 150w\" sizes=\"(max-width: 220px) 100vw, 220px\" \/>\n\t\t\t\t\t\t\t\t\t\t\t\t\t<\/a>\n\t\t\t\t\t\t\t\t\t\t\t<\/div>\n\t\t\t\t\t\t\t\t\t\t\t\t\t\t\t<div class=\"wd-gallery-item wd-col\">\n\t\t\t\t\t\t\t\t\t\t\t\t\t<a  href=\"https:\/\/alibabaiquitos.com\/wp-content\/uploads\/2025\/01\/accessories-4.jpg\" data-width=\"220\" data-height=\"220\" data-index=\"4\" data-elementor-open-lightbox=\"no\">\n\t\t\t\t\t\t\n\t\t\t\t\t\t<img loading=\"lazy\" decoding=\"async\" width=\"220\" height=\"220\" src=\"https:\/\/alibabaiquitos.com\/wp-content\/uploads\/2025\/01\/accessories-4.jpg\" class=\"attachment-full size-full\" alt=\"accessories-4\" srcset=\"https:\/\/alibabaiquitos.com\/wp-content\/uploads\/2025\/01\/accessories-4.jpg 220w, https:\/\/alibabaiquitos.com\/wp-content\/uploads\/2025\/01\/accessories-4-150x150.jpg 150w\" sizes=\"(max-width: 220px) 100vw, 220px\" \/>\n\t\t\t\t\t\t\t\t\t\t\t\t\t<\/a>\n\t\t\t\t\t\t\t\t\t\t\t<\/div>\n\t\t\t\t\t\t\t\t\t\t\t\t\t<\/div>\n\t\t\t\t\t<\/div>\n\t\t\t\t\t\t<\/div>\n\t\t\t\t<\/div>\n\t\t\t\t<\/div>\n\t\t\t\t\t<\/div>\n\t\t\t\t<\/div>\n\t\t\t\t<\/div>\n\t\t","protected":false},"excerpt":{"rendered":"<p>\u00a1Haz que dejar el pa\u00f1al sea s\u00faper f\u00e1cil! Este lindo bac\u00edn en color azul brillante tiene un dise\u00f1o de conejito que le encantar\u00e1 a tu peque. Es muy c\u00f3modo, seguro y viene con tapa incluida para mantener la higiene en todo momento. \u00a1Ligero, res % istente y muy f\u00e1cil de lavar!<\/p>\n","protected":false},"featured_media":27865,"comment_status":"open","ping_status":"closed","template":"","meta":{"content-type":""},"product_brand":[194],"product_cat":[158],"product_tag":[],"class_list":{"0":"post-259","1":"product","2":"type-product","3":"status-publish","4":"has-post-thumbnail","6":"product_brand-hp","7":"product_cat-baby-kids","9":"first","10":"instock","11":"shipping-taxable","12":"purchasable","13":"product-type-simple"},"yoast_head":"<!-- This site is optimized with the Yoast SEO plugin v27.4 - https:\/\/yoast.com\/product\/yoast-seo-wordpress\/ -->\n<title>Bacin Conejo - My Blog<\/title>\n<meta name=\"description\" content=\"\u00a1Haz que dejar el pa\u00f1al sea s\u00faper f\u00e1cil! Este lindo bac\u00edn en color azul brillante tiene un dise\u00f1o de conejito que le encantar\u00e1 a tu peque. Es muy c\u00f3modo, seguro y viene con tapa incluida para mantener la higiene en todo momento. \u00a1Ligero, res % istente y muy f\u00e1cil de lavar!\" \/>\n<meta name=\"robots\" content=\"index, follow, max-snippet:-1, max-image-preview:large, max-video-preview:-1\" \/>\n<link rel=\"canonical\" href=\"https:\/\/alibabaiquitos.com\/index.php\/producto\/bacin-conejo\/\" \/>\n<meta property=\"og:locale\" content=\"es_ES\" \/>\n<meta property=\"og:type\" content=\"article\" \/>\n<meta property=\"og:title\" content=\"Bacin Conejo - My Blog\" \/>\n<meta property=\"og:description\" content=\"\u00a1Haz que dejar el pa\u00f1al sea s\u00faper f\u00e1cil! Este lindo bac\u00edn en color azul brillante tiene un dise\u00f1o de conejito que le encantar\u00e1 a tu peque. Es muy c\u00f3modo, seguro y viene con tapa incluida para mantener la higiene en todo momento. \u00a1Ligero, res % istente y muy f\u00e1cil de lavar!\" \/>\n<meta property=\"og:url\" content=\"https:\/\/alibabaiquitos.com\/index.php\/producto\/bacin-conejo\/\" \/>\n<meta property=\"og:site_name\" content=\"My Blog\" \/>\n<meta property=\"article:modified_time\" content=\"2026-04-17T16:29:07+00:00\" \/>\n<meta property=\"og:image\" content=\"https:\/\/alibabaiquitos.com\/wp-content\/uploads\/2025\/01\/vacin-general.png\" \/>\n\t<meta property=\"og:image:width\" content=\"960\" \/>\n\t<meta property=\"og:image:height\" content=\"1280\" \/>\n\t<meta property=\"og:image:type\" content=\"image\/png\" \/>\n<meta name=\"twitter:card\" content=\"summary_large_image\" \/>\n<meta name=\"twitter:label1\" content=\"Tiempo de lectura\" \/>\n\t<meta name=\"twitter:data1\" content=\"2 minutos\" \/>\n<script type=\"application\/ld+json\" class=\"yoast-schema-graph\">{\"@context\":\"https:\\\/\\\/schema.org\",\"@graph\":[{\"@type\":\"WebPage\",\"@id\":\"https:\\\/\\\/alibabaiquitos.com\\\/index.php\\\/producto\\\/bacin-conejo\\\/\",\"url\":\"https:\\\/\\\/alibabaiquitos.com\\\/index.php\\\/producto\\\/bacin-conejo\\\/\",\"name\":\"Bacin Conejo - My Blog\",\"isPartOf\":{\"@id\":\"https:\\\/\\\/alibabaiquitos.com\\\/#website\"},\"primaryImageOfPage\":{\"@id\":\"https:\\\/\\\/alibabaiquitos.com\\\/index.php\\\/producto\\\/bacin-conejo\\\/#primaryimage\"},\"image\":{\"@id\":\"https:\\\/\\\/alibabaiquitos.com\\\/index.php\\\/producto\\\/bacin-conejo\\\/#primaryimage\"},\"thumbnailUrl\":\"https:\\\/\\\/alibabaiquitos.com\\\/wp-content\\\/uploads\\\/2025\\\/01\\\/vacin-general.png\",\"datePublished\":\"2025-01-14T14:40:29+00:00\",\"dateModified\":\"2026-04-17T16:29:07+00:00\",\"description\":\"\u00a1Haz que dejar el pa\u00f1al sea s\u00faper f\u00e1cil! Este lindo bac\u00edn en color azul brillante tiene un dise\u00f1o de conejito que le encantar\u00e1 a tu peque. Es muy c\u00f3modo, seguro y viene con tapa incluida para mantener la higiene en todo momento. \u00a1Ligero, res % istente y muy f\u00e1cil de lavar!\",\"breadcrumb\":{\"@id\":\"https:\\\/\\\/alibabaiquitos.com\\\/index.php\\\/producto\\\/bacin-conejo\\\/#breadcrumb\"},\"inLanguage\":\"es\",\"potentialAction\":[{\"@type\":\"ReadAction\",\"target\":[\"https:\\\/\\\/alibabaiquitos.com\\\/index.php\\\/producto\\\/bacin-conejo\\\/\"]}]},{\"@type\":\"ImageObject\",\"inLanguage\":\"es\",\"@id\":\"https:\\\/\\\/alibabaiquitos.com\\\/index.php\\\/producto\\\/bacin-conejo\\\/#primaryimage\",\"url\":\"https:\\\/\\\/alibabaiquitos.com\\\/wp-content\\\/uploads\\\/2025\\\/01\\\/vacin-general.png\",\"contentUrl\":\"https:\\\/\\\/alibabaiquitos.com\\\/wp-content\\\/uploads\\\/2025\\\/01\\\/vacin-general.png\",\"width\":960,\"height\":1280},{\"@type\":\"BreadcrumbList\",\"@id\":\"https:\\\/\\\/alibabaiquitos.com\\\/index.php\\\/producto\\\/bacin-conejo\\\/#breadcrumb\",\"itemListElement\":[{\"@type\":\"ListItem\",\"position\":1,\"name\":\"Portada\",\"item\":\"https:\\\/\\\/alibabaiquitos.com\\\/\"},{\"@type\":\"ListItem\",\"position\":2,\"name\":\"Shop\",\"item\":\"https:\\\/\\\/alibabaiquitos.com\\\/index.php\\\/shop\\\/\"},{\"@type\":\"ListItem\",\"position\":3,\"name\":\"Bacin Conejo\"}]},{\"@type\":\"WebSite\",\"@id\":\"https:\\\/\\\/alibabaiquitos.com\\\/#website\",\"url\":\"https:\\\/\\\/alibabaiquitos.com\\\/\",\"name\":\"My Blog\",\"description\":\"\",\"potentialAction\":[{\"@type\":\"SearchAction\",\"target\":{\"@type\":\"EntryPoint\",\"urlTemplate\":\"https:\\\/\\\/alibabaiquitos.com\\\/?s={search_term_string}\"},\"query-input\":{\"@type\":\"PropertyValueSpecification\",\"valueRequired\":true,\"valueName\":\"search_term_string\"}}],\"inLanguage\":\"es\"}]}<\/script>\n<!-- \/ Yoast SEO plugin. -->","yoast_head_json":{"title":"Bacin Conejo - My Blog","description":"\u00a1Haz que dejar el pa\u00f1al sea s\u00faper f\u00e1cil! Este lindo bac\u00edn en color azul brillante tiene un dise\u00f1o de conejito que le encantar\u00e1 a tu peque. Es muy c\u00f3modo, seguro y viene con tapa incluida para mantener la higiene en todo momento. \u00a1Ligero, res % istente y muy f\u00e1cil de lavar!","robots":{"index":"index","follow":"follow","max-snippet":"max-snippet:-1","max-image-preview":"max-image-preview:large","max-video-preview":"max-video-preview:-1"},"canonical":"https:\/\/alibabaiquitos.com\/index.php\/producto\/bacin-conejo\/","og_locale":"es_ES","og_type":"article","og_title":"Bacin Conejo - My Blog","og_description":"\u00a1Haz que dejar el pa\u00f1al sea s\u00faper f\u00e1cil! Este lindo bac\u00edn en color azul brillante tiene un dise\u00f1o de conejito que le encantar\u00e1 a tu peque. Es muy c\u00f3modo, seguro y viene con tapa incluida para mantener la higiene en todo momento. \u00a1Ligero, res % istente y muy f\u00e1cil de lavar!","og_url":"https:\/\/alibabaiquitos.com\/index.php\/producto\/bacin-conejo\/","og_site_name":"My Blog","article_modified_time":"2026-04-17T16:29:07+00:00","og_image":[{"width":960,"height":1280,"url":"https:\/\/alibabaiquitos.com\/wp-content\/uploads\/2025\/01\/vacin-general.png","type":"image\/png"}],"twitter_card":"summary_large_image","twitter_misc":{"Tiempo de lectura":"2 minutos"},"schema":{"@context":"https:\/\/schema.org","@graph":[{"@type":"WebPage","@id":"https:\/\/alibabaiquitos.com\/index.php\/producto\/bacin-conejo\/","url":"https:\/\/alibabaiquitos.com\/index.php\/producto\/bacin-conejo\/","name":"Bacin Conejo - My Blog","isPartOf":{"@id":"https:\/\/alibabaiquitos.com\/#website"},"primaryImageOfPage":{"@id":"https:\/\/alibabaiquitos.com\/index.php\/producto\/bacin-conejo\/#primaryimage"},"image":{"@id":"https:\/\/alibabaiquitos.com\/index.php\/producto\/bacin-conejo\/#primaryimage"},"thumbnailUrl":"https:\/\/alibabaiquitos.com\/wp-content\/uploads\/2025\/01\/vacin-general.png","datePublished":"2025-01-14T14:40:29+00:00","dateModified":"2026-04-17T16:29:07+00:00","description":"\u00a1Haz que dejar el pa\u00f1al sea s\u00faper f\u00e1cil! Este lindo bac\u00edn en color azul brillante tiene un dise\u00f1o de conejito que le encantar\u00e1 a tu peque. Es muy c\u00f3modo, seguro y viene con tapa incluida para mantener la higiene en todo momento. \u00a1Ligero, res % istente y muy f\u00e1cil de lavar!","breadcrumb":{"@id":"https:\/\/alibabaiquitos.com\/index.php\/producto\/bacin-conejo\/#breadcrumb"},"inLanguage":"es","potentialAction":[{"@type":"ReadAction","target":["https:\/\/alibabaiquitos.com\/index.php\/producto\/bacin-conejo\/"]}]},{"@type":"ImageObject","inLanguage":"es","@id":"https:\/\/alibabaiquitos.com\/index.php\/producto\/bacin-conejo\/#primaryimage","url":"https:\/\/alibabaiquitos.com\/wp-content\/uploads\/2025\/01\/vacin-general.png","contentUrl":"https:\/\/alibabaiquitos.com\/wp-content\/uploads\/2025\/01\/vacin-general.png","width":960,"height":1280},{"@type":"BreadcrumbList","@id":"https:\/\/alibabaiquitos.com\/index.php\/producto\/bacin-conejo\/#breadcrumb","itemListElement":[{"@type":"ListItem","position":1,"name":"Portada","item":"https:\/\/alibabaiquitos.com\/"},{"@type":"ListItem","position":2,"name":"Shop","item":"https:\/\/alibabaiquitos.com\/index.php\/shop\/"},{"@type":"ListItem","position":3,"name":"Bacin Conejo"}]},{"@type":"WebSite","@id":"https:\/\/alibabaiquitos.com\/#website","url":"https:\/\/alibabaiquitos.com\/","name":"My Blog","description":"","potentialAction":[{"@type":"SearchAction","target":{"@type":"EntryPoint","urlTemplate":"https:\/\/alibabaiquitos.com\/?s={search_term_string}"},"query-input":{"@type":"PropertyValueSpecification","valueRequired":true,"valueName":"search_term_string"}}],"inLanguage":"es"}]}},"_links":{"self":[{"href":"https:\/\/alibabaiquitos.com\/index.php\/wp-json\/wp\/v2\/product\/259","targetHints":{"allow":["GET"]}}],"collection":[{"href":"https:\/\/alibabaiquitos.com\/index.php\/wp-json\/wp\/v2\/product"}],"about":[{"href":"https:\/\/alibabaiquitos.com\/index.php\/wp-json\/wp\/v2\/types\/product"}],"replies":[{"embeddable":true,"href":"https:\/\/alibabaiquitos.com\/index.php\/wp-json\/wp\/v2\/comments?post=259"}],"version-history":[{"count":4,"href":"https:\/\/alibabaiquitos.com\/index.php\/wp-json\/wp\/v2\/product\/259\/revisions"}],"predecessor-version":[{"id":27881,"href":"https:\/\/alibabaiquitos.com\/index.php\/wp-json\/wp\/v2\/product\/259\/revisions\/27881"}],"wp:featuredmedia":[{"embeddable":true,"href":"https:\/\/alibabaiquitos.com\/index.php\/wp-json\/wp\/v2\/media\/27865"}],"wp:attachment":[{"href":"https:\/\/alibabaiquitos.com\/index.php\/wp-json\/wp\/v2\/media?parent=259"}],"wp:term":[{"taxonomy":"product_brand","embeddable":true,"href":"https:\/\/alibabaiquitos.com\/index.php\/wp-json\/wp\/v2\/product_brand?post=259"},{"taxonomy":"product_cat","embeddable":true,"href":"https:\/\/alibabaiquitos.com\/index.php\/wp-json\/wp\/v2\/product_cat?post=259"},{"taxonomy":"product_tag","embeddable":true,"href":"https:\/\/alibabaiquitos.com\/index.php\/wp-json\/wp\/v2\/product_tag?post=259"}],"curies":[{"name":"wp","href":"https:\/\/api.w.org\/{rel}","templated":true}]}}